{"id":182,"date":"2019-05-30T20:44:42","date_gmt":"2019-05-30T18:44:42","guid":{"rendered":"https:\/\/www.birdhouse.one\/?page_id=182"},"modified":"2023-07-24T10:27:16","modified_gmt":"2023-07-24T08:27:16","slug":"groesse","status":"publish","type":"page","link":"https:\/\/www.birdhouse.one\/?page_id=182","title":{"rendered":"Gr\u00f6\u00dfen"},"content":{"rendered":"<p><\/p>\n<p><strong>Standvogelhaus<\/strong><\/p>\n<p><\/p>\n<p><\/p>\n<p>Boden 40 * 40 cm<\/p>\n<p><\/p>\n<p><\/p>\n<p>H\u00f6he ca. 25 cm<\/p>\n<p><\/p>\n<p><\/p>\n<p>Dach ca. 50 * 50 cm<\/p>\n<p><\/p>\n<p><\/p>\n<p>Standfu\u00df ca. 180 cm<\/p>\n<p><\/p>\n<p><\/p>\n<p><\/p>\n<p><\/p>\n<p><\/p>\n<hr>\n<p><strong>Wandvogelhaus<\/strong><br \/><!--StartFragment--><\/p>\n<p><\/p>\n<p>Boden 20 * 40 cm<\/p>\n<p><\/p>\n<p><\/p>\n<p>H\u00f6he ca. 25 cm<\/p>\n<p><\/p>\n<p><\/p>\n<p>Dach ca. 25 * 50 cm<\/p>\n<p><\/p>\n<p><!--EndFragment--><\/p>\n<p><!--StartFragment--><\/p>\n<p><\/p>\n<p><\/p>\n<p><!--EndFragment--><\/p>\n<p><\/p>\n<p><\/p>\n","protected":false},"excerpt":{"rendered":"<p>Standvogelhaus Boden 40 * 40 cm H\u00f6he ca. 25 cm Dach ca. 50 * 50 cm Standfu\u00df ca. 180 cm Wandvogelhaus Boden 20 * 40 cm H\u00f6he ca. 25 cm Dach ca. 25 * 50 cm<\/p>\n","protected":false},"author":1,"featured_media":161,"parent":0,"menu_order":5,"comment_status":"closed","ping_status":"closed","template":"","meta":{"pgc_sgb_lightbox_settings":"","footnotes":""},"class_list":["post-182","page","type-page","status-publish","has-post-thumbnail","hentry"],"_links":{"self":[{"href":"https:\/\/www.birdhouse.one\/index.php?rest_route=\/wp\/v2\/pages\/182","targetHints":{"allow":["GET"]}}],"collection":[{"href":"https:\/\/www.birdhouse.one\/index.php?rest_route=\/wp\/v2\/pages"}],"about":[{"href":"https:\/\/www.birdhouse.one\/index.php?rest_route=\/wp\/v2\/types\/page"}],"author":[{"embeddable":true,"href":"https:\/\/www.birdhouse.one\/index.php?rest_route=\/wp\/v2\/users\/1"}],"replies":[{"embeddable":true,"href":"https:\/\/www.birdhouse.one\/index.php?rest_route=%2Fwp%2Fv2%2Fcomments&post=182"}],"version-history":[{"count":4,"href":"https:\/\/www.birdhouse.one\/index.php?rest_route=\/wp\/v2\/pages\/182\/revisions"}],"predecessor-version":[{"id":204,"href":"https:\/\/www.birdhouse.one\/index.php?rest_route=\/wp\/v2\/pages\/182\/revisions\/204"}],"wp:featuredmedia":[{"embeddable":true,"href":"https:\/\/www.birdhouse.one\/index.php?rest_route=\/wp\/v2\/media\/161"}],"wp:attachment":[{"href":"https:\/\/www.birdhouse.one\/index.php?rest_route=%2Fwp%2Fv2%2Fmedia&parent=182"}],"curies":[{"name":"wp","href":"https:\/\/api.w.org\/{rel}","templated":true}]}}